{"id":107,"date":"2021-11-01T16:33:18","date_gmt":"2021-11-01T16:33:18","guid":{"rendered":"https:\/\/mizarskadela-sinkovic.si\/?page_id=107"},"modified":"2021-12-01T11:18:47","modified_gmt":"2021-12-01T11:18:47","slug":"izdelava-knjigobeznic","status":"publish","type":"page","link":"https:\/\/mizarskadela-sinkovic.si\/?page_id=107","title":{"rendered":"Izdelava knjigobe\u017enic"},"content":{"rendered":"\n<p><em><strong>V letu 2021 sem sodeloval kot partner v projektu, ki je bil odobren na 3. javnem pozivu za izbor operacij iz naslova podukrepa 19.2 \u00bbPodpora za izvajanje operacij v okviru strategije lokalnega razvoja, ki ga vodi skupnost\u00ab za izvajanje Strategije lokalnega razvoja LAS Obsotelje in Kozjansko v programskem obdobju 2014-2020, sofinancirane iz sklada EKSRP.<\/strong><\/em><\/p>\n\n\n\n<p><em><strong>Vodilni partner: Ob\u010dina Kozje<\/strong><\/em><\/p>\n\n\n\n<p><em><strong>Partnerji: Knji\u017enica \u0160marje pri Jel\u0161ah, \u0160portna zveza Kozje, Mizarska dela Franci Sinkovi\u010d s.p.<\/strong><\/em><\/p>\n\n\n\n<p><em><strong>OPIS IN NAMEN PROJEKTA:<\/strong><\/em><\/p>\n\n\n\n<ul class=\"wp-block-list\"><li><strong><em>Izvedba nalo\u017ebe: obnova in modernizacija obstoje\u010dih otro\u0161kih igri\u0161\u010d z dodatnimi napravami za ostale starostne skupine, namestitev ruskih keglji\u0161\u010d za namene rekreacije starej\u0161ih ter vzpostavitev knjigobe\u017enic,<\/em><\/strong><\/li><li><em><strong>Izvedba spremljajo\u010dih aktivnosti, ki prispevajo k vi\u0161ji kakovosti \u017eivljenja, spodbujajo zdrav in aktiven \u017eivljenjski slog, rekreacijo, \u0161portno udejstvovanje in dru\u017eenje med razli\u010dnimi ciljnimi skupinami, \u0161e posebej ranljivimi.<\/strong><\/em><\/li><\/ul>\n\n\n\n<p><em><strong>V projektu je bil moj dele\u017e izdelava knjigobe\u017enic \u2013 knji\u017enic na prostem.<\/strong><\/em><\/p>\n\n\n\n<figure class=\"wp-block-gallery columns-2 is-cropped wp-block-gallery-1 is-layout-flex wp-block-gallery-is-layout-flex\"><ul class=\"blocks-gallery-grid\"><li class=\"blocks-gallery-item\"><figure><img loading=\"lazy\" decoding=\"async\" width=\"720\" height=\"960\" src=\"https:\/\/mizarskadela-sinkovic.si\/wp-content\/uploads\/2021\/11\/201792559_1010821669654655_1881526311597662938_n.jpg\" alt=\"\" data-id=\"98\" data-full-url=\"https:\/\/mizarskadela-sinkovic.si\/wp-content\/uploads\/2021\/11\/201792559_1010821669654655_1881526311597662938_n.jpg\" data-link=\"https:\/\/mizarskadela-sinkovic.si\/?attachment_id=98\" class=\"wp-image-98\" srcset=\"https:\/\/mizarskadela-sinkovic.si\/wp-content\/uploads\/2021\/11\/201792559_1010821669654655_1881526311597662938_n.jpg 720w, https:\/\/mizarskadela-sinkovic.si\/wp-content\/uploads\/2021\/11\/201792559_1010821669654655_1881526311597662938_n-225x300.jpg 225w, https:\/\/mizarskadela-sinkovic.si\/wp-content\/uploads\/2021\/11\/201792559_1010821669654655_1881526311597662938_n-450x600.jpg 450w, https:\/\/mizarskadela-sinkovic.si\/wp-content\/uploads\/2021\/11\/201792559_1010821669654655_1881526311597662938_n-600x800.jpg 600w\" sizes=\"auto, (max-width: 720px) 100vw, 720px\" \/><\/figure><\/li><li class=\"blocks-gallery-item\"><figure><img loading=\"lazy\" decoding=\"async\" width=\"1024\" height=\"768\" src=\"https:\/\/mizarskadela-sinkovic.si\/wp-content\/uploads\/2021\/11\/652350900025037435-1024x768.jpg\" alt=\"\" data-id=\"97\" data-full-url=\"https:\/\/mizarskadela-sinkovic.si\/wp-content\/uploads\/2021\/11\/652350900025037435-scaled.jpg\" data-link=\"https:\/\/mizarskadela-sinkovic.si\/?attachment_id=97\" class=\"wp-image-97\" srcset=\"https:\/\/mizarskadela-sinkovic.si\/wp-content\/uploads\/2021\/11\/652350900025037435-1024x768.jpg 1024w, https:\/\/mizarskadela-sinkovic.si\/wp-content\/uploads\/2021\/11\/652350900025037435-300x225.jpg 300w, https:\/\/mizarskadela-sinkovic.si\/wp-content\/uploads\/2021\/11\/652350900025037435-768x576.jpg 768w, https:\/\/mizarskadela-sinkovic.si\/wp-content\/uploads\/2021\/11\/652350900025037435-600x450.jpg 600w, https:\/\/mizarskadela-sinkovic.si\/wp-content\/uploads\/2021\/11\/652350900025037435-1067x800.jpg 1067w, https:\/\/mizarskadela-sinkovic.si\/wp-content\/uploads\/2021\/11\/652350900025037435-1536x1152.jpg 1536w, https:\/\/mizarskadela-sinkovic.si\/wp-content\/uploads\/2021\/11\/652350900025037435-2048x1536.jpg 2048w\" sizes=\"auto, (max-width: 1024px) 100vw, 1024px\" \/><\/figure><\/li><\/ul><figcaption class=\"blocks-gallery-caption\"><em><strong>Povezava<\/strong>:<\/em><br><strong><em>Evropski kmetijski sklad za razvoj pode\u017eelja:\u00a0<\/em><\/strong><a href=\"https:\/\/ec.europa.eu\/info\/food-farming-fisheries\/key-policies\/common-agricultural-policy\/rural-development_en\">https:\/\/ec.europa.eu\/info\/food-farming-fisheries\/key-policies\/common-agricultural-policy\/rural-development_en<\/a><br><strong><em>Program razvoja pode\u017eelja PRP 2014-2020:\u00a0<a href=\"https:\/\/skp.si\/\" target=\"_blank\" rel=\"noreferrer noopener\">https:\/\/skp.si\/<\/a><\/em><br><em>Ob\u010dina Kozje:\u00a0<a href=\"https:\/\/www.kozje.si\/objava\/431008\" target=\"_blank\" rel=\"noreferrer noopener\">https:\/\/www.kozje.si\/objava\/431008<\/a><\/em><\/strong><\/figcaption><\/figure>\n\n\n\n<figure class=\"wp-block-image size-full\"><img loading=\"lazy\" decoding=\"async\" width=\"551\" height=\"357\" src=\"https:\/\/mizarskadela-sinkovic.si\/wp-content\/uploads\/2021\/10\/plakatA3-Leader-Igrala.jpg\" alt=\"\" class=\"wp-image-94\" srcset=\"https:\/\/mizarskadela-sinkovic.si\/wp-content\/uploads\/2021\/10\/plakatA3-Leader-Igrala.jpg 551w, https:\/\/mizarskadela-sinkovic.si\/wp-content\/uploads\/2021\/10\/plakatA3-Leader-Igrala-300x194.jpg 300w\" sizes=\"auto, (max-width: 551px) 100vw, 551px\" \/><\/figure>\n","protected":false},"excerpt":{"rendered":"<p>V letu 2021 sem sodeloval kot partner v projektu, ki je bil odobren na 3. javnem pozivu za izbor operacij iz naslova podukrepa 19.2 \u00bbPodpora za izvajanje operacij v okviru strategije lokalnega<\/p>\n<a class=\"moretag noptoppad\" href=\"https:\/\/mizarskadela-sinkovic.si\/?page_id=107\">Read More...<\/a>","protected":false},"author":1,"featured_media":0,"parent":0,"menu_order":0,"comment_status":"closed","ping_status":"closed","template":"","meta":{"footnotes":""},"class_list":["post-107","page","type-page","status-publish","hentry"],"yoast_head":"<!-- This site is optimized with the Yoast SEO plugin v27.3 - https:\/\/yoast.com\/product\/yoast-seo-wordpress\/ -->\n<title>Izdelava knjigobe\u017enic - Mizarska dela Franci Sinkovi\u010d s.p.<\/title>\n<meta name=\"robots\" content=\"index, follow, max-snippet:-1, max-image-preview:large, max-video-preview:-1\" \/>\n<link rel=\"canonical\" href=\"https:\/\/mizarskadela-sinkovic.si\/?page_id=107\" \/>\n<meta property=\"og:locale\" content=\"en_US\" \/>\n<meta property=\"og:type\" content=\"article\" \/>\n<meta property=\"og:title\" content=\"Izdelava knjigobe\u017enic - Mizarska dela Franci Sinkovi\u010d s.p.\" \/>\n<meta property=\"og:description\" content=\"V letu 2021 sem sodeloval kot partner v projektu, ki je bil odobren na 3. javnem pozivu za izbor operacij iz naslova podukrepa 19.2 \u00bbPodpora za izvajanje operacij v okviru strategije lokalnega\" \/>\n<meta property=\"og:url\" content=\"https:\/\/mizarskadela-sinkovic.si\/?page_id=107\" \/>\n<meta property=\"og:site_name\" content=\"Mizarska dela Franci Sinkovi\u010d s.p.\" \/>\n<meta property=\"article:modified_time\" content=\"2021-12-01T11:18:47+00:00\" \/>\n<meta property=\"og:image\" content=\"https:\/\/mizarskadela-sinkovic.si\/wp-content\/uploads\/2021\/11\/201792559_1010821669654655_1881526311597662938_n.jpg\" \/>\n<meta name=\"twitter:card\" content=\"summary_large_image\" \/>\n<meta name=\"twitter:label1\" content=\"Est. reading time\" \/>\n\t<meta name=\"twitter:data1\" content=\"2 minutes\" \/>\n<script type=\"application\/ld+json\" class=\"yoast-schema-graph\">{\"@context\":\"https:\\\/\\\/schema.org\",\"@graph\":[{\"@type\":\"WebPage\",\"@id\":\"https:\\\/\\\/mizarskadela-sinkovic.si\\\/?page_id=107\",\"url\":\"https:\\\/\\\/mizarskadela-sinkovic.si\\\/?page_id=107\",\"name\":\"Izdelava knjigobe\u017enic - Mizarska dela Franci Sinkovi\u010d s.p.\",\"isPartOf\":{\"@id\":\"https:\\\/\\\/mizarskadela-sinkovic.si\\\/#website\"},\"primaryImageOfPage\":{\"@id\":\"https:\\\/\\\/mizarskadela-sinkovic.si\\\/?page_id=107#primaryimage\"},\"image\":{\"@id\":\"https:\\\/\\\/mizarskadela-sinkovic.si\\\/?page_id=107#primaryimage\"},\"thumbnailUrl\":\"https:\\\/\\\/mizarskadela-sinkovic.si\\\/wp-content\\\/uploads\\\/2021\\\/11\\\/201792559_1010821669654655_1881526311597662938_n.jpg\",\"datePublished\":\"2021-11-01T16:33:18+00:00\",\"dateModified\":\"2021-12-01T11:18:47+00:00\",\"breadcrumb\":{\"@id\":\"https:\\\/\\\/mizarskadela-sinkovic.si\\\/?page_id=107#breadcrumb\"},\"inLanguage\":\"en-US\",\"potentialAction\":[{\"@type\":\"ReadAction\",\"target\":[\"https:\\\/\\\/mizarskadela-sinkovic.si\\\/?page_id=107\"]}]},{\"@type\":\"ImageObject\",\"inLanguage\":\"en-US\",\"@id\":\"https:\\\/\\\/mizarskadela-sinkovic.si\\\/?page_id=107#primaryimage\",\"url\":\"https:\\\/\\\/mizarskadela-sinkovic.si\\\/wp-content\\\/uploads\\\/2021\\\/11\\\/201792559_1010821669654655_1881526311597662938_n.jpg\",\"contentUrl\":\"https:\\\/\\\/mizarskadela-sinkovic.si\\\/wp-content\\\/uploads\\\/2021\\\/11\\\/201792559_1010821669654655_1881526311597662938_n.jpg\",\"width\":720,\"height\":960},{\"@type\":\"BreadcrumbList\",\"@id\":\"https:\\\/\\\/mizarskadela-sinkovic.si\\\/?page_id=107#breadcrumb\",\"itemListElement\":[{\"@type\":\"ListItem\",\"position\":1,\"name\":\"Home\",\"item\":\"https:\\\/\\\/mizarskadela-sinkovic.si\\\/\"},{\"@type\":\"ListItem\",\"position\":2,\"name\":\"Izdelava knjigobe\u017enic\"}]},{\"@type\":\"WebSite\",\"@id\":\"https:\\\/\\\/mizarskadela-sinkovic.si\\\/#website\",\"url\":\"https:\\\/\\\/mizarskadela-sinkovic.si\\\/\",\"name\":\"Mizarska dela Franci Sinkovi\u010d s.p.\",\"description\":\"Mizarska dela Franci Sinkovi\u010d s.p.\",\"publisher\":{\"@id\":\"https:\\\/\\\/mizarskadela-sinkovic.si\\\/#organization\"},\"potentialAction\":[{\"@type\":\"SearchAction\",\"target\":{\"@type\":\"EntryPoint\",\"urlTemplate\":\"https:\\\/\\\/mizarskadela-sinkovic.si\\\/?s={search_term_string}\"},\"query-input\":{\"@type\":\"PropertyValueSpecification\",\"valueRequired\":true,\"valueName\":\"search_term_string\"}}],\"inLanguage\":\"en-US\"},{\"@type\":\"Organization\",\"@id\":\"https:\\\/\\\/mizarskadela-sinkovic.si\\\/#organization\",\"name\":\"Mizarska dela Franci Sinkovi\u010d s.p.\",\"url\":\"https:\\\/\\\/mizarskadela-sinkovic.si\\\/\",\"logo\":{\"@type\":\"ImageObject\",\"inLanguage\":\"en-US\",\"@id\":\"https:\\\/\\\/mizarskadela-sinkovic.si\\\/#\\\/schema\\\/logo\\\/image\\\/\",\"url\":\"https:\\\/\\\/mizarskadela-sinkovic.si\\\/wp-content\\\/uploads\\\/2019\\\/09\\\/20190827_111858.jpg\",\"contentUrl\":\"https:\\\/\\\/mizarskadela-sinkovic.si\\\/wp-content\\\/uploads\\\/2019\\\/09\\\/20190827_111858.jpg\",\"width\":4128,\"height\":3096,\"caption\":\"Mizarska dela Franci Sinkovi\u010d s.p.\"},\"image\":{\"@id\":\"https:\\\/\\\/mizarskadela-sinkovic.si\\\/#\\\/schema\\\/logo\\\/image\\\/\"}}]}<\/script>\n<!-- \/ Yoast SEO plugin. -->","yoast_head_json":{"title":"Izdelava knjigobe\u017enic - Mizarska dela Franci Sinkovi\u010d s.p.","robots":{"index":"index","follow":"follow","max-snippet":"max-snippet:-1","max-image-preview":"max-image-preview:large","max-video-preview":"max-video-preview:-1"},"canonical":"https:\/\/mizarskadela-sinkovic.si\/?page_id=107","og_locale":"en_US","og_type":"article","og_title":"Izdelava knjigobe\u017enic - Mizarska dela Franci Sinkovi\u010d s.p.","og_description":"V letu 2021 sem sodeloval kot partner v projektu, ki je bil odobren na 3. javnem pozivu za izbor operacij iz naslova podukrepa 19.2 \u00bbPodpora za izvajanje operacij v okviru strategije lokalnega","og_url":"https:\/\/mizarskadela-sinkovic.si\/?page_id=107","og_site_name":"Mizarska dela Franci Sinkovi\u010d s.p.","article_modified_time":"2021-12-01T11:18:47+00:00","og_image":[{"url":"https:\/\/mizarskadela-sinkovic.si\/wp-content\/uploads\/2021\/11\/201792559_1010821669654655_1881526311597662938_n.jpg","type":"","width":"","height":""}],"twitter_card":"summary_large_image","twitter_misc":{"Est. reading time":"2 minutes"},"schema":{"@context":"https:\/\/schema.org","@graph":[{"@type":"WebPage","@id":"https:\/\/mizarskadela-sinkovic.si\/?page_id=107","url":"https:\/\/mizarskadela-sinkovic.si\/?page_id=107","name":"Izdelava knjigobe\u017enic - Mizarska dela Franci Sinkovi\u010d s.p.","isPartOf":{"@id":"https:\/\/mizarskadela-sinkovic.si\/#website"},"primaryImageOfPage":{"@id":"https:\/\/mizarskadela-sinkovic.si\/?page_id=107#primaryimage"},"image":{"@id":"https:\/\/mizarskadela-sinkovic.si\/?page_id=107#primaryimage"},"thumbnailUrl":"https:\/\/mizarskadela-sinkovic.si\/wp-content\/uploads\/2021\/11\/201792559_1010821669654655_1881526311597662938_n.jpg","datePublished":"2021-11-01T16:33:18+00:00","dateModified":"2021-12-01T11:18:47+00:00","breadcrumb":{"@id":"https:\/\/mizarskadela-sinkovic.si\/?page_id=107#breadcrumb"},"inLanguage":"en-US","potentialAction":[{"@type":"ReadAction","target":["https:\/\/mizarskadela-sinkovic.si\/?page_id=107"]}]},{"@type":"ImageObject","inLanguage":"en-US","@id":"https:\/\/mizarskadela-sinkovic.si\/?page_id=107#primaryimage","url":"https:\/\/mizarskadela-sinkovic.si\/wp-content\/uploads\/2021\/11\/201792559_1010821669654655_1881526311597662938_n.jpg","contentUrl":"https:\/\/mizarskadela-sinkovic.si\/wp-content\/uploads\/2021\/11\/201792559_1010821669654655_1881526311597662938_n.jpg","width":720,"height":960},{"@type":"BreadcrumbList","@id":"https:\/\/mizarskadela-sinkovic.si\/?page_id=107#breadcrumb","itemListElement":[{"@type":"ListItem","position":1,"name":"Home","item":"https:\/\/mizarskadela-sinkovic.si\/"},{"@type":"ListItem","position":2,"name":"Izdelava knjigobe\u017enic"}]},{"@type":"WebSite","@id":"https:\/\/mizarskadela-sinkovic.si\/#website","url":"https:\/\/mizarskadela-sinkovic.si\/","name":"Mizarska dela Franci Sinkovi\u010d s.p.","description":"Mizarska dela Franci Sinkovi\u010d s.p.","publisher":{"@id":"https:\/\/mizarskadela-sinkovic.si\/#organization"},"potentialAction":[{"@type":"SearchAction","target":{"@type":"EntryPoint","urlTemplate":"https:\/\/mizarskadela-sinkovic.si\/?s={search_term_string}"},"query-input":{"@type":"PropertyValueSpecification","valueRequired":true,"valueName":"search_term_string"}}],"inLanguage":"en-US"},{"@type":"Organization","@id":"https:\/\/mizarskadela-sinkovic.si\/#organization","name":"Mizarska dela Franci Sinkovi\u010d s.p.","url":"https:\/\/mizarskadela-sinkovic.si\/","logo":{"@type":"ImageObject","inLanguage":"en-US","@id":"https:\/\/mizarskadela-sinkovic.si\/#\/schema\/logo\/image\/","url":"https:\/\/mizarskadela-sinkovic.si\/wp-content\/uploads\/2019\/09\/20190827_111858.jpg","contentUrl":"https:\/\/mizarskadela-sinkovic.si\/wp-content\/uploads\/2019\/09\/20190827_111858.jpg","width":4128,"height":3096,"caption":"Mizarska dela Franci Sinkovi\u010d s.p."},"image":{"@id":"https:\/\/mizarskadela-sinkovic.si\/#\/schema\/logo\/image\/"}}]}},"_links":{"self":[{"href":"https:\/\/mizarskadela-sinkovic.si\/index.php?rest_route=\/wp\/v2\/pages\/107","targetHints":{"allow":["GET"]}}],"collection":[{"href":"https:\/\/mizarskadela-sinkovic.si\/index.php?rest_route=\/wp\/v2\/pages"}],"about":[{"href":"https:\/\/mizarskadela-sinkovic.si\/index.php?rest_route=\/wp\/v2\/types\/page"}],"author":[{"embeddable":true,"href":"https:\/\/mizarskadela-sinkovic.si\/index.php?rest_route=\/wp\/v2\/users\/1"}],"replies":[{"embeddable":true,"href":"https:\/\/mizarskadela-sinkovic.si\/index.php?rest_route=%2Fwp%2Fv2%2Fcomments&post=107"}],"version-history":[{"count":3,"href":"https:\/\/mizarskadela-sinkovic.si\/index.php?rest_route=\/wp\/v2\/pages\/107\/revisions"}],"predecessor-version":[{"id":118,"href":"https:\/\/mizarskadela-sinkovic.si\/index.php?rest_route=\/wp\/v2\/pages\/107\/revisions\/118"}],"wp:attachment":[{"href":"https:\/\/mizarskadela-sinkovic.si\/index.php?rest_route=%2Fwp%2Fv2%2Fmedia&parent=107"}],"curies":[{"name":"wp","href":"https:\/\/api.w.org\/{rel}","templated":true}]}}